{"id":15251,"date":"2020-11-17T08:38:57","date_gmt":"2020-11-17T13:38:57","guid":{"rendered":"\/fundacion-beyond-bravenly\/"},"modified":"2024-06-21T16:49:37","modified_gmt":"2024-06-21T20:49:37","slug":"foundation-beyond-bravenly","status":"publish","type":"page","link":"\/es\/foundation-beyond-bravenly\/","title":{"rendered":"Fundaci\u00f3n Beyond Bravenly"},"content":{"rendered":"<p>[et_pb_section fb_built=&#8221;1&#8243; fullwidth=&#8221;on&#8221; _builder_version=&#8221;4.7.4&#8243; _module_preset=&#8221;default&#8221;][et_pb_fullwidth_image title_text=&#8221;Website Images&#8221; url=&#8221;https:\/\/beyondbravenly.com\/&#8221; _builder_version=&#8221;4.7.4&#8243; _module_preset=&#8221;default&#8221; background_image=&#8221;\/wp-content\/uploads\/2021\/08\/Website-Images-1.png&#8221; min_height=&#8221;688px&#8221; height=&#8221;805px&#8221; custom_margin=&#8221;||-3px||false|false&#8221; custom_padding=&#8221;||0px|||&#8221; custom_margin__hover_enabled=&#8221;on|desktop&#8221;][\/et_pb_fullwidth_image][et_pb_fullwidth_image _builder_version=&#8221;4.7.4&#8243; _module_preset=&#8221;default&#8221; min_height=&#8221;0px&#8221;][\/et_pb_fullwidth_image][\/et_pb_section][et_pb_section fb_built=&#8221;1&#8243; admin_label=&#8221;Our Story Section&#8221; _builder_version=&#8221;4.7.4&#8243; background_color=&#8221;#ffffff&#8221; custom_padding=&#8221;22px||0px|||&#8221;][et_pb_row admin_label=&#8221;Nuestra Historia&#8221; _builder_version=&#8221;4.7.4&#8243; background_size=&#8221;initial&#8221; background_position=&#8221;top_left&#8221; background_repeat=&#8221;repeat&#8221; custom_padding=&#8221;0px|||||&#8221;][et_pb_column type=&#8221;4_4&#8243; _builder_version=&#8221;4.7.4&#8243; custom_padding=&#8221;|||&#8221; custom_padding__hover=&#8221;|||&#8221;][et_pb_text admin_label=&#8221;Title&#8221; _builder_version=&#8221;4.7.4&#8243; text_font=&#8221;Tenor Sans||||||||&#8221; text_text_color=&#8221;#55876a&#8221; header_font=&#8221;Tenor Sans||||||||&#8221; header_text_align=&#8221;left&#8221; header_text_color=&#8221;#55876a&#8221; header_font_size=&#8221;47px&#8221; header_line_height=&#8221;1.3em&#8221; background_size=&#8221;initial&#8221; background_position=&#8221;top_left&#8221; background_repeat=&#8221;repeat&#8221; text_orientation=&#8221;center&#8221; module_alignment=&#8221;center&#8221; custom_margin=&#8221;||-4px|||&#8221; animation_style=&#8221;slide&#8221; animation_direction=&#8221;bottom&#8221; animation_intensity_slide=&#8221;10%&#8221; hover_enabled=&#8221;0&#8243; header_font_size_tablet=&#8221;&#8221; header_font_size_phone=&#8221;30px&#8221; header_font_size_last_edited=&#8221;on|phone&#8221; sticky_enabled=&#8221;0&#8243;]<\/p>\n<h1 style=\"text-align: center;\">VAMOS A HACER MUCHO M\u00c1S ALL\u00c1 DE LO IMAGINABLE.<\/h1>\n<p>[\/et_pb_text][et_pb_text _builder_version=&#8221;4.7.4&#8243; text_font=&#8221;Lato||||||||&#8221; text_text_color=&#8221;#55876a&#8221; text_font_size=&#8221;18px&#8221; text_line_height=&#8221;1.8em&#8221; background_size=&#8221;initial&#8221; background_position=&#8221;top_left&#8221; background_repeat=&#8221;repeat&#8221; custom_padding=&#8221;|||&#8221; animation_style=&#8221;slide&#8221; animation_direction=&#8221;bottom&#8221; animation_delay=&#8221;50ms&#8221; animation_intensity_slide=&#8221;10%&#8221;]<\/p>\n<p style=\"text-align: center;\">La Fundaci\u00f3n Beyond Bravenly se centra en llevar esperanza a zonas desfavorecidas, sabiendo que a trav\u00e9s de la generosidad y humildad estamos destinados a m\u00e1s.<\/p>\n<p style=\"text-align: center;\">Estamos emocionados de unir fuerzas con nuestra Familia Bravenly y crear un impacto M\u00c1S ALL\u00c1 de lo que podemos imaginar con nuestros negocios y productos. Sabemos que estamos llamados a bendecir a las personas siendo las manos y los pies de Jes\u00fas aqu\u00ed en la tierra.<\/p>\n<p style=\"text-align: center;\"><span style=\"font-weight: 400;\">Gracias a ti, podemos hacer mucho m\u00e1s de lo imaginable. <\/span><\/p>\n<p>[\/et_pb_text][et_pb_button button_url=&#8221;https:\/\/beyondbravenly.com\/&#8221; button_text=&#8221;LLEVAME AL SITIO WEB DE BEYOND BRAVENLY&#8221; button_alignment=&#8221;center&#8221; _builder_version=&#8221;4.7.4&#8243; _module_preset=&#8221;default&#8221;][\/et_pb_button][et_pb_button _builder_version=&#8221;3.16&#8243; button_text_size__hover_enabled=&#8221;off&#8221; button_one_text_size__hover_enabled=&#8221;off&#8221; button_two_text_size__hover_enabled=&#8221;off&#8221; button_text_color__hover_enabled=&#8221;off&#8221; button_one_text_color__hover_enabled=&#8221;off&#8221; button_two_text_color__hover_enabled=&#8221;off&#8221; button_border_width__hover_enabled=&#8221;off&#8221; button_one_border_width__hover_enabled=&#8221;off&#8221; button_two_border_width__hover_enabled=&#8221;off&#8221; button_border_color__hover_enabled=&#8221;off&#8221; button_one_border_color__hover_enabled=&#8221;off&#8221; button_two_border_color__hover_enabled=&#8221;off&#8221; button_border_radius__hover_enabled=&#8221;off&#8221; button_one_border_radius__hover_enabled=&#8221;off&#8221; button_two_border_radius__hover_enabled=&#8221;off&#8221; button_letter_spacing__hover_enabled=&#8221;off&#8221; button_one_letter_spacing__hover_enabled=&#8221;off&#8221; button_two_letter_spacing__hover_enabled=&#8221;off&#8221; button_bg_color__hover_enabled=&#8221;off&#8221; button_one_bg_color__hover_enabled=&#8221;off&#8221; button_two_bg_color__hover_enabled=&#8221;off&#8221;][\/et_pb_button][\/et_pb_column][\/et_pb_row][et_pb_row _builder_version=&#8221;4.5.7&#8243; _module_preset=&#8221;default&#8221; custom_margin=&#8221;-45px|auto||auto||&#8221;][et_pb_column type=&#8221;4_4&#8243; _builder_version=&#8221;4.5.7&#8243; _module_preset=&#8221;default&#8221;][et_pb_image src=&#8221;\/wp-content\/uploads\/2020\/12\/Bravenly-Icons.png&#8221; title_text=&#8221;Iconos Bravenly&#8221; align=&#8221;center&#8221; _builder_version=&#8221;4.7.4&#8243; _module_preset=&#8221;default&#8221; width=&#8221;65%&#8221;][\/et_pb_image][\/et_pb_column][\/et_pb_row][\/et_pb_section]<\/p>\n","protected":false},"excerpt":{"rendered":"<p>VAMOS A HACER MUCHO M\u00c1S ALL\u00c1 DE LO IMAGINABLE.La Fundaci\u00f3n Beyond Bravenly se centra en llevar esperanza a zonas desfavorecidas, sabiendo que a trav\u00e9s de la generosidad y humildad estamos destinados a m\u00e1s. Estamos emocionados de unir fuerzas con nuestra Familia Bravenly y crear un impacto M\u00c1S ALL\u00c1 de lo que podemos imaginar con nuestros [&hellip;]<\/p>\n","protected":false},"author":191432655,"featured_media":0,"parent":0,"menu_order":0,"comment_status":"closed","ping_status":"closed","template":"","meta":{"_et_pb_use_builder":"on","_et_pb_old_content":"","_et_gb_content_width":"","_coblocks_attr":"","_coblocks_dimensions":"","_coblocks_responsive_height":"","_coblocks_accordion_ie_support":"","footnotes":""},"class_list":["post-15251","page","type-page","status-publish","hentry"],"_links":{"self":[{"href":"https:\/\/natasha.bravenlyglobal.com\/es\/wp-json\/wp\/v2\/pages\/15251","targetHints":{"allow":["GET"]}}],"collection":[{"href":"https:\/\/natasha.bravenlyglobal.com\/es\/wp-json\/wp\/v2\/pages"}],"about":[{"href":"https:\/\/natasha.bravenlyglobal.com\/es\/wp-json\/wp\/v2\/types\/page"}],"author":[{"embeddable":true,"href":"https:\/\/natasha.bravenlyglobal.com\/es\/wp-json\/wp\/v2\/users\/191432655"}],"replies":[{"embeddable":true,"href":"https:\/\/natasha.bravenlyglobal.com\/es\/wp-json\/wp\/v2\/comments?post=15251"}],"version-history":[{"count":5,"href":"https:\/\/natasha.bravenlyglobal.com\/es\/wp-json\/wp\/v2\/pages\/15251\/revisions"}],"predecessor-version":[{"id":16971,"href":"https:\/\/natasha.bravenlyglobal.com\/es\/wp-json\/wp\/v2\/pages\/15251\/revisions\/16971"}],"wp:attachment":[{"href":"https:\/\/natasha.bravenlyglobal.com\/es\/wp-json\/wp\/v2\/media?parent=15251"}],"curies":[{"name":"wp","href":"https:\/\/api.w.org\/{rel}","templated":true}]}}